{"id":16,"date":"2022-05-23T19:29:00","date_gmt":"2022-05-23T19:29:00","guid":{"rendered":"https:\/\/tennislsm.ca\/?page_id=16"},"modified":"2022-05-30T16:36:06","modified_gmt":"2022-05-30T16:36:06","slug":"contact-us","status":"publish","type":"page","link":"https:\/\/tennislsm.ca\/fr\/contact-us\/","title":{"rendered":"Nous contacter"},"content":{"rendered":"<style>#kt-layout-id_2e6e6e-d7 > .kt-row-column-wrap{align-content:start;}:where(#kt-layout-id_2e6e6e-d7 > .kt-row-column-wrap) > .wp-block-kadence-column{justify-content:start;}#kt-layout-id_2e6e6e-d7 > .kt-row-column-wrap{column-gap:var(--global-kb-gap-none, 0rem );row-gap:var(--global-kb-gap-md, 2rem);max-width:var( --global-content-width, 1240px );padding-left:var(--global-content-edge-padding);padding-right:var(--global-content-edge-padding);padding-top:var( --global-kb-row-default-top, 25px );padding-bottom:var( --global-kb-row-default-bottom, 25px );padding-top:60px;padding-bottom:60px;grid-template-columns:minmax(0, 1fr) minmax(0, 2fr) minmax(0, 1fr);}#kt-layout-id_2e6e6e-d7{background-color:#56a8ff;}#kt-layout-id_2e6e6e-d7 > .kt-row-layout-overlay{opacity:0.30;}@media all and (max-width: 1024px){#kt-layout-id_2e6e6e-d7 > .kt-row-column-wrap > div:not(.added-for-specificity){grid-column:initial;}}@media all and (max-width: 1024px){#kt-layout-id_2e6e6e-d7 > .kt-row-column-wrap{grid-template-columns:repeat(3, minmax(0, 1fr));}}@media all and (max-width: 767px){#kt-layout-id_2e6e6e-d7 > .kt-row-column-wrap > div:not(.added-for-specificity){grid-column:initial;}#kt-layout-id_2e6e6e-d7 > .kt-row-column-wrap{grid-template-columns:minmax(0, 1fr);}}<\/style>\n<div class=\"wp-block-kadence-rowlayout alignnone\"><div id=\"kt-layout-id_2e6e6e-d7\" class=\"kt-row-layout-inner kt-row-has-bg kt-layout-id_2e6e6e-d7\"><div class=\"kt-row-column-wrap kt-has-3-columns kt-gutter-none kt-v-gutter-default kt-row-valign-top kt-row-layout-equal kt-tab-layout-inherit kt-m-colapse-left-to-right kt-mobile-layout-row  kt-custom-first-width-25  kt-custom-second-width-50  kt-custom-third-width-25 kb-theme-content-width\"><style>.kadence-column_6c3b56-74 > .kt-inside-inner-col{border-top-width:0px;border-right-width:0px;border-bottom-width:0px;border-left-width:0px;}.kadence-column_6c3b56-74 > .kt-inside-inner-col,.kadence-column_6c3b56-74 > .kt-inside-inner-col:before{border-top-left-radius:0px;border-top-right-radius:0px;border-bottom-right-radius:0px;border-bottom-left-radius:0px;}.kadence-column_6c3b56-74 > .kt-inside-inner-col{column-gap:var(--global-kb-gap-sm, 1rem);}.kadence-column_6c3b56-74 > .kt-inside-inner-col{flex-direction:column;}.kadence-column_6c3b56-74 > .kt-inside-inner-col > .aligncenter{width:100%;}.kadence-column_6c3b56-74 > .kt-inside-inner-col:before{opacity:0.3;}.kadence-column_6c3b56-74{position:relative;}@media all and (max-width: 1024px){.kadence-column_6c3b56-74 > .kt-inside-inner-col{flex-direction:column;justify-content:center;}}@media all and (max-width: 767px){.kadence-column_6c3b56-74 > .kt-inside-inner-col{flex-direction:column;justify-content:center;}}<\/style>\n<div class=\"wp-block-kadence-column inner-column-1 kadence-column_6c3b56-74\"><div class=\"kt-inside-inner-col\"><\/div><\/div>\n\n\n<style>.kadence-column_3cb495-01 > .kt-inside-inner-col{padding-top:30px;padding-bottom:30px;padding-left:30px;padding-right:30px;}.kadence-column_3cb495-01 > .kt-inside-inner-col{box-shadow:0px 0px 20px 0px rgba(0, 0, 0, 0.4);border-top-width:0px;border-right-width:0px;border-bottom-width:0px;border-left-width:0px;}.kadence-column_3cb495-01 > .kt-inside-inner-col,.kadence-column_3cb495-01 > .kt-inside-inner-col:before{border-top-left-radius:10px;border-top-right-radius:10px;border-bottom-right-radius:10px;border-bottom-left-radius:10px;}.kadence-column_3cb495-01 > .kt-inside-inner-col{column-gap:var(--global-kb-gap-sm, 1rem);}.kadence-column_3cb495-01 > .kt-inside-inner-col{flex-direction:column;}.kadence-column_3cb495-01 > .kt-inside-inner-col > .aligncenter{width:100%;}.kadence-column_3cb495-01 > .kt-inside-inner-col{background-color:var(--global-palette9, #ffffff);}.kadence-column_3cb495-01 > .kt-inside-inner-col:before{opacity:0.3;}.kadence-column_3cb495-01{position:relative;}@media all and (max-width: 1024px){.kadence-column_3cb495-01 > .kt-inside-inner-col{flex-direction:column;justify-content:center;}}@media all and (max-width: 767px){.kadence-column_3cb495-01 > .kt-inside-inner-col{flex-direction:column;justify-content:center;}}<\/style>\n<div class=\"wp-block-kadence-column inner-column-2 kadence-column_3cb495-01\"><div class=\"kt-inside-inner-col\"><style>.wp-block-kadence-advancedheading.kt-adv-heading_b842ba-25, .wp-block-kadence-advancedheading.kt-adv-heading_b842ba-25[data-kb-block=\"kb-adv-heading_b842ba-25\"]{margin-top:0px;text-align:center;font-style:normal;}.wp-block-kadence-advancedheading.kt-adv-heading_b842ba-25 mark.kt-highlight, .wp-block-kadence-advancedheading.kt-adv-heading_b842ba-25[data-kb-block=\"kb-adv-heading_b842ba-25\"] mark.kt-highlight{font-style:normal;color:#f76a0c;-webkit-box-decoration-break:clone;box-decoration-break:clone;padding-top:0px;padding-right:0px;padding-bottom:0px;padding-left:0px;}.wp-block-kadence-advancedheading.kt-adv-heading_b842ba-25 img.kb-inline-image, .wp-block-kadence-advancedheading.kt-adv-heading_b842ba-25[data-kb-block=\"kb-adv-heading_b842ba-25\"] img.kb-inline-image{width:150px;vertical-align:baseline;}<\/style>\n<h2 class=\"kt-adv-heading_b842ba-25 wp-block-kadence-advancedheading\" data-kb-block=\"kb-adv-heading_b842ba-25\">Nous contacter<\/h2>\n\n\n<div class='fluentform ff-default fluentform_wrapper_2  ff_guten_block ffs_custom_wrap'><form data-form_id=\"2\" id=\"fluentform_2\" class=\"frm-fluent-form fluent_form_2 ff-el-form-top ff_form_instance_2_1 ff-form-loading ffs_custom\" data-form_instance=\"ff_form_instance_2_1\" method=\"POST\" action=\"\" ><fieldset  style=\"border: none!important;margin: 0!important;padding: 0!important;background-color: transparent!important;box-shadow: none!important;outline: none!important; min-inline-size: 100%;\">\n                    <legend class=\"ff_screen_reader_title\" style=\"display: block; margin: 0!important;padding: 0!important;height: 0!important;text-indent: -999999px;width: 0!important;overflow:hidden;\">Subscription Form<\/legend><input type='hidden' name='__fluent_form_embded_post_id' value='16' \/><input type=\"hidden\" id=\"_fluentform_2_fluentformnonce\" name=\"_fluentform_2_fluentformnonce\" value=\"5d1f77fe83\" \/><input type=\"hidden\" name=\"_wp_http_referer\" value=\"\/fr\/wp-json\/wp\/v2\/pages\/16\" \/><div class='ff-el-group ff-el-form-hide_label'><div class=\"ff-el-input--label ff-el-is-required asterisk-right\"><label for='ff_2_input_text' aria-label=\"Nom\">Nom<\/label><\/div><div class='ff-el-input--content'><input type=\"text\" name=\"input_text\" class=\"ff-el-form-control\" placeholder=\"Veuillez entrer le nom complet\" data-name=\"input_text\" id=\"ff_2_input_text\"  aria-invalid=\"false\" aria-required=\"true\"><\/div><\/div><div class='ff-el-group ff-el-form-hide_label'><div class=\"ff-el-input--label ff-el-is-required asterisk-right\"><label for='ff_2_email_1' aria-label=\"E-mail\">E-mail<\/label><\/div><div class='ff-el-input--content'><input type=\"email\" name=\"email_1\" id=\"ff_2_email_1\" class=\"ff-el-form-control\" placeholder=\"Veuillez saisir l&#039;adresse e-mail\" data-name=\"email_1\"  aria-invalid=\"false\" aria-required=\"true\"><\/div><\/div><div class='ff-el-group ff-el-form-hide_label'><div class=\"ff-el-input--label ff-el-is-required asterisk-right\"><label for='ff_2_phone' aria-label=\"T\u00e9l\u00e9phoner\">T\u00e9l\u00e9phoner<\/label><\/div><div class='ff-el-input--content'><input name=\"phone\" class=\"ff-el-form-control ff-el-phone\" type=\"tel\" placeholder=\"Veuillez entrer le num\u00e9ro de t\u00e9l\u00e9phone\" data-name=\"phone\" id=\"ff_2_phone\" inputmode=\"tel\" ><\/div><\/div><div class='ff-el-group ff-el-form-hide_label'><div class=\"ff-el-input--label asterisk-right\"><label for='ff_2_description' aria-label=\"Message\">Message<\/label><\/div><div class='ff-el-input--content'><textarea aria-invalid=\"false\" aria-required=\"false\" name=\"description\" id=\"ff_2_description\" class=\"ff-el-form-control\" placeholder=\"Entrez votre message\" rows=\"5\" cols=\"4\" data-name=\"description\" ><\/textarea><\/div><\/div><div class='ff-el-group ff-text-center ff_submit_btn_wrapper'><button type=\"submit\" class=\"ff-btn ff-btn-submit ff-btn-md ff_btn_style wpf_has_custom_css\" >Soumettre<\/button><\/div><\/fieldset><input type=\"hidden\" name=\"trp-form-language\" value=\"fr\"\/><\/form><div id='fluentform_2_errors' class='ff-errors-in-stack ff_form_instance_2_1 ff-form-loading_errors ff_form_instance_2_1_errors'><\/div><\/div>        <script type=\"text\/javascript\">\n            window.fluent_form_ff_form_instance_2_1 = {\"id\":\"2\",\"settings\":{\"layout\":{\"labelPlacement\":\"top\",\"helpMessagePlacement\":\"with_label\",\"errorMessagePlacement\":\"inline\",\"asteriskPlacement\":\"asterisk-right\"},\"restrictions\":{\"denyEmptySubmission\":{\"enabled\":false}}},\"form_instance\":\"ff_form_instance_2_1\",\"form_id_selector\":\"fluentform_2\",\"rules\":{\"input_text\":{\"required\":{\"value\":true,\"message\":\"This field is required\"}},\"email_1\":{\"required\":{\"value\":true,\"message\":\"This field is required\"},\"email\":{\"value\":true,\"message\":\"This field must contain a valid email\"}},\"phone\":{\"required\":{\"value\":true,\"message\":\"This field is required\"},\"valid_phone_number\":{\"value\":false,\"message\":\"Phone number is not valid\"}},\"description\":{\"required\":{\"value\":false,\"message\":\"This field is required\"}}},\"debounce_time\":300};\n                    <\/script>\n        <\/div><\/div>\n\n\n<style>.kadence-column_3ca120-1c > .kt-inside-inner-col{border-top-width:0px;border-right-width:0px;border-bottom-width:0px;border-left-width:0px;}.kadence-column_3ca120-1c > .kt-inside-inner-col,.kadence-column_3ca120-1c > .kt-inside-inner-col:before{border-top-left-radius:0px;border-top-right-radius:0px;border-bottom-right-radius:0px;border-bottom-left-radius:0px;}.kadence-column_3ca120-1c > .kt-inside-inner-col{column-gap:var(--global-kb-gap-sm, 1rem);}.kadence-column_3ca120-1c > .kt-inside-inner-col{flex-direction:column;}.kadence-column_3ca120-1c > .kt-inside-inner-col > .aligncenter{width:100%;}.kadence-column_3ca120-1c > .kt-inside-inner-col:before{opacity:0.3;}.kadence-column_3ca120-1c{position:relative;}@media all and (max-width: 1024px){.kadence-column_3ca120-1c > .kt-inside-inner-col{flex-direction:column;justify-content:center;}}@media all and (max-width: 767px){.kadence-column_3ca120-1c > .kt-inside-inner-col{flex-direction:column;justify-content:center;}}<\/style>\n<div class=\"wp-block-kadence-column inner-column-3 kadence-column_3ca120-1c\"><div class=\"kt-inside-inner-col\"><\/div><\/div>\n<\/div><\/div><\/div>\n\n\n<style>#kt-layout-id_5fc3d7-66 > .kt-row-column-wrap{align-content:start;}:where(#kt-layout-id_5fc3d7-66 > .kt-row-column-wrap) > .wp-block-kadence-column{justify-content:start;}#kt-layout-id_5fc3d7-66 > .kt-row-column-wrap{column-gap:var(--global-kb-gap-md, 2rem);row-gap:var(--global-kb-gap-md, 2rem);max-width:var( --global-content-width, 1240px );padding-left:var(--global-content-edge-padding);padding-right:var(--global-content-edge-padding);padding-top:var( --global-kb-row-default-top, 25px );padding-bottom:var( --global-kb-row-default-bottom, 25px );padding-top:20px;padding-bottom:40px;grid-template-columns:minmax(0, 1fr);}#kt-layout-id_5fc3d7-66{background-color:#56a8ff;}#kt-layout-id_5fc3d7-66 > .kt-row-layout-overlay{opacity:0.30;}@media all and (max-width: 1024px){#kt-layout-id_5fc3d7-66 > .kt-row-column-wrap{grid-template-columns:minmax(0, 1fr);}}@media all and (max-width: 767px){#kt-layout-id_5fc3d7-66 > .kt-row-column-wrap{grid-template-columns:minmax(0, 1fr);}}<\/style>\n<div class=\"wp-block-kadence-rowlayout alignnone\"><div id=\"kt-layout-id_5fc3d7-66\" class=\"kt-row-layout-inner kt-row-has-bg kt-layout-id_5fc3d7-66\"><div class=\"kt-row-column-wrap kt-has-1-columns kt-gutter-default kt-v-gutter-default kt-row-valign-top kt-row-layout-equal kt-tab-layout-inherit kt-m-colapse-left-to-right kt-mobile-layout-row kb-theme-content-width\"><style>.kadence-column_8521ab-50 > .kt-inside-inner-col{border-top-width:0px;border-right-width:0px;border-bottom-width:0px;border-left-width:0px;}.kadence-column_8521ab-50 > .kt-inside-inner-col,.kadence-column_8521ab-50 > .kt-inside-inner-col:before{border-top-left-radius:0px;border-top-right-radius:0px;border-bottom-right-radius:0px;border-bottom-left-radius:0px;}.kadence-column_8521ab-50 > .kt-inside-inner-col{column-gap:var(--global-kb-gap-sm, 1rem);}.kadence-column_8521ab-50 > .kt-inside-inner-col{flex-direction:column;}.kadence-column_8521ab-50 > .kt-inside-inner-col > .aligncenter{width:100%;}.kadence-column_8521ab-50 > .kt-inside-inner-col:before{opacity:0.3;}.kadence-column_8521ab-50{position:relative;}@media all and (max-width: 1024px){.kadence-column_8521ab-50 > .kt-inside-inner-col{flex-direction:column;justify-content:center;}}@media all and (max-width: 767px){.kadence-column_8521ab-50 > .kt-inside-inner-col{flex-direction:column;justify-content:center;}}<\/style>\n<div class=\"wp-block-kadence-column inner-column-1 kadence-column_8521ab-50\"><div class=\"kt-inside-inner-col\">\n<iframe src=\"https:\/\/www.google.com\/maps\/embed?pb=!1m18!1m12!1m3!1d2734.533144081663!2d-75.88082488460236!3d45.94591290919202!2m3!1f0!2f0!3f0!3m2!1i1024!2i768!4f13.1!3m3!1m2!1s0x4cd1ccb316ba4593%3A0xc31598441f171e1d!2sRue%20de%20l&#39;Usine%2C%20La%20Vall%C3%A9e-de-la-Gatineau%2C%20QC%20J0X%201Z0%2C%20Canada!5e1!3m2!1sen!2s!4v1653928490681!5m2!1sen!2s\" width=\"100%\" height=\"400\" style=\"border:0;\" allowfullscreen=\"\" loading=\"lazy\" referrerpolicy=\"no-referrer-when-downgrade\"><\/iframe>\n<\/div><\/div>\n<\/div><\/div><\/div>\n\n\n\n<p><\/p>","protected":false},"excerpt":{"rendered":"<p>Nous contacter<\/p>","protected":false},"author":2,"featured_media":0,"parent":0,"menu_order":0,"comment_status":"closed","ping_status":"closed","template":"","meta":{"_kad_post_transparent":"","_kad_post_title":"hide","_kad_post_layout":"fullwidth","_kad_post_sidebar_id":"","_kad_post_content_style":"","_kad_post_vertical_padding":"","_kad_post_feature":"","_kad_post_feature_position":"","_kad_post_header":false,"_kad_post_footer":false,"footnotes":""},"class_list":["post-16","page","type-page","status-publish","hentry"],"_links":{"self":[{"href":"https:\/\/tennislsm.ca\/fr\/wp-json\/wp\/v2\/pages\/16","targetHints":{"allow":["GET"]}}],"collection":[{"href":"https:\/\/tennislsm.ca\/fr\/wp-json\/wp\/v2\/pages"}],"about":[{"href":"https:\/\/tennislsm.ca\/fr\/wp-json\/wp\/v2\/types\/page"}],"author":[{"embeddable":true,"href":"https:\/\/tennislsm.ca\/fr\/wp-json\/wp\/v2\/users\/2"}],"replies":[{"embeddable":true,"href":"https:\/\/tennislsm.ca\/fr\/wp-json\/wp\/v2\/comments?post=16"}],"version-history":[{"count":13,"href":"https:\/\/tennislsm.ca\/fr\/wp-json\/wp\/v2\/pages\/16\/revisions"}],"predecessor-version":[{"id":304,"href":"https:\/\/tennislsm.ca\/fr\/wp-json\/wp\/v2\/pages\/16\/revisions\/304"}],"wp:attachment":[{"href":"https:\/\/tennislsm.ca\/fr\/wp-json\/wp\/v2\/media?parent=16"}],"curies":[{"name":"wp","href":"https:\/\/api.w.org\/{rel}","templated":true}]}}