{"id":14,"date":"2022-05-23T19:28:47","date_gmt":"2022-05-23T19:28:47","guid":{"rendered":"https:\/\/tennislsm.ca\/?page_id=14"},"modified":"2023-02-13T22:51:00","modified_gmt":"2023-02-13T22:51:00","slug":"faqs","status":"publish","type":"page","link":"https:\/\/tennislsm.ca\/fr\/faqs\/","title":{"rendered":"Faqs"},"content":{"rendered":"<style>#kt-layout-id_f72a65-f7 > .kt-row-column-wrap{align-content:start;}:where(#kt-layout-id_f72a65-f7 > .kt-row-column-wrap) > .wp-block-kadence-column{justify-content:start;}#kt-layout-id_f72a65-f7 > .kt-row-column-wrap{column-gap:var(--global-kb-gap-md, 2rem);row-gap:var(--global-kb-gap-md, 2rem);max-width:var( --global-content-width, 1240px );padding-left:var(--global-content-edge-padding);padding-right:var(--global-content-edge-padding);padding-top:var( --global-kb-row-default-top, 25px );padding-bottom:var( --global-kb-row-default-bottom, 25px );padding-top:60px;padding-bottom:60px;grid-template-columns:minmax(0, 1fr);}#kt-layout-id_f72a65-f7{background-color:#56a8ff;}#kt-layout-id_f72a65-f7 > .kt-row-layout-overlay{opacity:0.30;}@media all and (max-width: 1024px){#kt-layout-id_f72a65-f7 > .kt-row-column-wrap{grid-template-columns:minmax(0, 1fr);}}@media all and (max-width: 767px){#kt-layout-id_f72a65-f7 > .kt-row-column-wrap{grid-template-columns:minmax(0, 1fr);}}<\/style>\n<div class=\"wp-block-kadence-rowlayout alignnone\"><div id=\"kt-layout-id_f72a65-f7\" class=\"kt-row-layout-inner kt-row-has-bg kt-layout-id_f72a65-f7\"><div class=\"kt-row-column-wrap kt-has-1-columns kt-gutter-default kt-v-gutter-default kt-row-valign-top kt-row-layout-equal kt-tab-layout-inherit kt-m-colapse-left-to-right kt-mobile-layout-row kb-theme-content-width\"><style>.kadence-column_7b0e37-e3 > .kt-inside-inner-col{border-top-width:0px;border-right-width:0px;border-bottom-width:0px;border-left-width:0px;}.kadence-column_7b0e37-e3 > .kt-inside-inner-col,.kadence-column_7b0e37-e3 > .kt-inside-inner-col:before{border-top-left-radius:0px;border-top-right-radius:0px;border-bottom-right-radius:0px;border-bottom-left-radius:0px;}.kadence-column_7b0e37-e3 > .kt-inside-inner-col{column-gap:var(--global-kb-gap-sm, 1rem);}.kadence-column_7b0e37-e3 > .kt-inside-inner-col{flex-direction:column;}.kadence-column_7b0e37-e3 > .kt-inside-inner-col > .aligncenter{width:100%;}.kadence-column_7b0e37-e3 > .kt-inside-inner-col:before{opacity:0.3;}.kadence-column_7b0e37-e3{position:relative;}@media all and (max-width: 1024px){.kadence-column_7b0e37-e3 > .kt-inside-inner-col{flex-direction:column;justify-content:center;}}@media all and (max-width: 767px){.kadence-column_7b0e37-e3 > .kt-inside-inner-col{flex-direction:column;justify-content:center;}}<\/style>\n<div class=\"wp-block-kadence-column inner-column-1 kadence-column_7b0e37-e3\"><div class=\"kt-inside-inner-col\"><div class=\"wp-block-image\">\n<figure class=\"aligncenter size-full\"><img loading=\"lazy\" decoding=\"async\" width=\"146\" height=\"86\" src=\"https:\/\/tennislsm.ca\/wp-content\/uploads\/2022\/05\/logo-icon.png\" alt=\"\" class=\"wp-image-48\"\/><\/figure>\n<\/div>\n\n<style>.wp-block-kadence-advancedheading.kt-adv-heading_27705e-fc, .wp-block-kadence-advancedheading.kt-adv-heading_27705e-fc[data-kb-block=\"kb-adv-heading_27705e-fc\"]{margin-top:0px;text-align:center;line-height:50px;font-style:normal;font-family:\"Comic Sans MS\", cursive, sans-serif;}.wp-block-kadence-advancedheading.kt-adv-heading_27705e-fc mark.kt-highlight, .wp-block-kadence-advancedheading.kt-adv-heading_27705e-fc[data-kb-block=\"kb-adv-heading_27705e-fc\"] mark.kt-highlight{font-style:normal;color:#f76a0c;-webkit-box-decoration-break:clone;box-decoration-break:clone;padding-top:0px;padding-right:0px;padding-bottom:0px;padding-left:0px;}.wp-block-kadence-advancedheading.kt-adv-heading_27705e-fc img.kb-inline-image, .wp-block-kadence-advancedheading.kt-adv-heading_27705e-fc[data-kb-block=\"kb-adv-heading_27705e-fc\"] img.kb-inline-image{width:150px;vertical-align:baseline;}<\/style>\n<h1 class=\"kt-adv-heading_27705e-fc wp-block-kadence-advancedheading\" data-kb-block=\"kb-adv-heading_27705e-fc\">TENNIS LSM<\/h1>\n\n\n<style>.wp-block-kadence-advancedheading.kt-adv-heading_32c02b-72, .wp-block-kadence-advancedheading.kt-adv-heading_32c02b-72[data-kb-block=\"kb-adv-heading_32c02b-72\"]{margin-bottom:20px;text-align:center;font-size:18px;font-style:normal;font-family:Arial, Helvetica, sans-serif;}.wp-block-kadence-advancedheading.kt-adv-heading_32c02b-72 mark.kt-highlight, .wp-block-kadence-advancedheading.kt-adv-heading_32c02b-72[data-kb-block=\"kb-adv-heading_32c02b-72\"] mark.kt-highlight{font-style:normal;color:#f76a0c;-webkit-box-decoration-break:clone;box-decoration-break:clone;padding-top:0px;padding-right:0px;padding-bottom:0px;padding-left:0px;}.wp-block-kadence-advancedheading.kt-adv-heading_32c02b-72 img.kb-inline-image, .wp-block-kadence-advancedheading.kt-adv-heading_32c02b-72[data-kb-block=\"kb-adv-heading_32c02b-72\"] img.kb-inline-image{width:150px;vertical-align:baseline;}<\/style>\n<p class=\"kt-adv-heading_32c02b-72 wp-block-kadence-advancedheading has-theme-palette-9-color has-text-color\" data-kb-block=\"kb-adv-heading_32c02b-72\">Tennis LSM est un organisme \u00e0 but non lucratif cr\u00e9\u00e9 par des joueurs de tennis et de pickleball de la r\u00e9gion pour amasser des fonds afin de soutenir les terrains de tennis et de pickleball \u00e0 Lac-Sainte-Marie. Tous les membres du conseil d\u2019administration de Tennis LSM sont des b\u00e9n\u00e9voles. Il s\u2019agit de Wendy Desormeaux (Pr\u00e9sidente), Luc Desormeaux,Patrick Falloon et Julie Klotz.<\/p>\n\n\n<style>.wp-block-kadence-advancedheading.kt-adv-heading_80848e-11, .wp-block-kadence-advancedheading.kt-adv-heading_80848e-11[data-kb-block=\"kb-adv-heading_80848e-11\"]{margin-bottom:20px;text-align:center;font-size:18px;font-style:normal;font-family:Arial, Helvetica, sans-serif;}.wp-block-kadence-advancedheading.kt-adv-heading_80848e-11 mark.kt-highlight, .wp-block-kadence-advancedheading.kt-adv-heading_80848e-11[data-kb-block=\"kb-adv-heading_80848e-11\"] mark.kt-highlight{font-style:normal;color:#f76a0c;-webkit-box-decoration-break:clone;box-decoration-break:clone;padding-top:0px;padding-right:0px;padding-bottom:0px;padding-left:0px;}.wp-block-kadence-advancedheading.kt-adv-heading_80848e-11 img.kb-inline-image, .wp-block-kadence-advancedheading.kt-adv-heading_80848e-11[data-kb-block=\"kb-adv-heading_80848e-11\"] img.kb-inline-image{width:150px;vertical-align:baseline;}<\/style>\n<p class=\"kt-adv-heading_80848e-11 wp-block-kadence-advancedheading has-theme-palette-9-color has-text-color\" data-kb-block=\"kb-adv-heading_80848e-11\">Les fonds amass\u00e9s gr\u00e2ce \u00e0 la vente des adh\u00e9sions iront aux activit\u00e9s et aux fournitures de tennis et de pickleball.<\/p>\n\n\n<style>.wp-block-kadence-advancedheading.kt-adv-heading_40eb9a-df, .wp-block-kadence-advancedheading.kt-adv-heading_40eb9a-df[data-kb-block=\"kb-adv-heading_40eb9a-df\"]{margin-bottom:20px;text-align:center;font-size:18px;font-style:normal;font-family:Arial, Helvetica, sans-serif;}.wp-block-kadence-advancedheading.kt-adv-heading_40eb9a-df mark.kt-highlight, .wp-block-kadence-advancedheading.kt-adv-heading_40eb9a-df[data-kb-block=\"kb-adv-heading_40eb9a-df\"] mark.kt-highlight{font-style:normal;color:#f76a0c;-webkit-box-decoration-break:clone;box-decoration-break:clone;padding-top:0px;padding-right:0px;padding-bottom:0px;padding-left:0px;}.wp-block-kadence-advancedheading.kt-adv-heading_40eb9a-df img.kb-inline-image, .wp-block-kadence-advancedheading.kt-adv-heading_40eb9a-df[data-kb-block=\"kb-adv-heading_40eb9a-df\"] img.kb-inline-image{width:150px;vertical-align:baseline;}<\/style>\n<p class=\"kt-adv-heading_40eb9a-df wp-block-kadence-advancedheading has-theme-palette-9-color has-text-color\" data-kb-block=\"kb-adv-heading_40eb9a-df\">Vous n\u2019avez pas besoin d\u2019\u00eatre membre de Tennis LSM pour jouer au tennis ou au pickleball sur les terrains, cependant, si vous \u00eates membres, vous recevrez des informations sur les activit\u00e9s et vous pourrez participer aux activit\u00e9s organis\u00e9es par Tennis LSM.<\/p>\n\n\n<style>.wp-block-kadence-advancedheading.kt-adv-heading_503295-e9, .wp-block-kadence-advancedheading.kt-adv-heading_503295-e9[data-kb-block=\"kb-adv-heading_503295-e9\"]{margin-bottom:0px;text-align:center;font-size:18px;font-style:normal;font-family:Arial, Helvetica, sans-serif;}.wp-block-kadence-advancedheading.kt-adv-heading_503295-e9 mark.kt-highlight, .wp-block-kadence-advancedheading.kt-adv-heading_503295-e9[data-kb-block=\"kb-adv-heading_503295-e9\"] mark.kt-highlight{font-style:normal;color:#f76a0c;-webkit-box-decoration-break:clone;box-decoration-break:clone;padding-top:0px;padding-right:0px;padding-bottom:0px;padding-left:0px;}.wp-block-kadence-advancedheading.kt-adv-heading_503295-e9 img.kb-inline-image, .wp-block-kadence-advancedheading.kt-adv-heading_503295-e9[data-kb-block=\"kb-adv-heading_503295-e9\"] img.kb-inline-image{width:150px;vertical-align:baseline;}.wp-block-kadence-advancedheading.kt-adv-heading_503295-e9[data-kb-block=\"kb-adv-heading_503295-e9\"] a, .kt-adv-heading-link_503295-e9, .kt-adv-heading-link_503295-e9 .kt-adv-heading_503295-e9[data-kb-block=\"kb-adv-heading_503295-e9\"]{color:var(--global-palette2, #2B6CB0);}.wp-block-kadence-advancedheading.kt-adv-heading_503295-e9[data-kb-block=\"kb-adv-heading_503295-e9\"] a:hover, .kt-adv-heading-link_503295-e9:hover, .kt-adv-heading-link_503295-e9:hover .kt-adv-heading_503295-e9[data-kb-block=\"kb-adv-heading_503295-e9\"]{color:var(--global-palette9, #ffffff);}<\/style>\n<p class=\"kt-adv-heading_503295-e9 wp-block-kadence-advancedheading has-theme-palette-9-color has-text-color\" data-kb-block=\"kb-adv-heading_503295-e9\">Des b\u00e9n\u00e9voles sont toujours n\u00e9cessaires pour vous aider, si vous \u00eates int\u00e9ress\u00e9s, veuillez envoyer un courriel \u00e0 <\/p>\n\n\n<style>.wp-block-kadence-advancedheading.kt-adv-heading_49faac-02, .wp-block-kadence-advancedheading.kt-adv-heading_49faac-02[data-kb-block=\"kb-adv-heading_49faac-02\"]{margin-bottom:20px;text-align:center;font-size:18px;font-style:normal;font-family:Arial, Helvetica, sans-serif;}.wp-block-kadence-advancedheading.kt-adv-heading_49faac-02 mark.kt-highlight, .wp-block-kadence-advancedheading.kt-adv-heading_49faac-02[data-kb-block=\"kb-adv-heading_49faac-02\"] mark.kt-highlight{font-style:normal;color:#f76a0c;-webkit-box-decoration-break:clone;box-decoration-break:clone;padding-top:0px;padding-right:0px;padding-bottom:0px;padding-left:0px;}.wp-block-kadence-advancedheading.kt-adv-heading_49faac-02 img.kb-inline-image, .wp-block-kadence-advancedheading.kt-adv-heading_49faac-02[data-kb-block=\"kb-adv-heading_49faac-02\"] img.kb-inline-image{width:150px;vertical-align:baseline;}.wp-block-kadence-advancedheading.kt-adv-heading_49faac-02[data-kb-block=\"kb-adv-heading_49faac-02\"] a, .kt-adv-heading-link_49faac-02, .kt-adv-heading-link_49faac-02 .kt-adv-heading_49faac-02[data-kb-block=\"kb-adv-heading_49faac-02\"]{color:var(--global-palette2, #2B6CB0);}.wp-block-kadence-advancedheading.kt-adv-heading_49faac-02[data-kb-block=\"kb-adv-heading_49faac-02\"] a:hover, .kt-adv-heading-link_49faac-02:hover, .kt-adv-heading-link_49faac-02:hover .kt-adv-heading_49faac-02[data-kb-block=\"kb-adv-heading_49faac-02\"]{color:var(--global-palette9, #ffffff);}<\/style>\n<p class=\"kt-adv-heading_49faac-02 wp-block-kadence-advancedheading has-theme-palette-9-color has-text-color\" data-kb-block=\"kb-adv-heading_49faac-02\"><a href=\"mailto:tennislsm3@gmail.com\">tennislsm3@gmail.com<\/a><\/p>\n\n\n<style>.wp-block-kadence-advancedheading.kt-adv-heading_abc76f-42, .wp-block-kadence-advancedheading.kt-adv-heading_abc76f-42[data-kb-block=\"kb-adv-heading_abc76f-42\"]{margin-bottom:40px;text-align:center;font-size:18px;font-style:normal;font-family:Arial, Helvetica, sans-serif;}.wp-block-kadence-advancedheading.kt-adv-heading_abc76f-42 mark.kt-highlight, .wp-block-kadence-advancedheading.kt-adv-heading_abc76f-42[data-kb-block=\"kb-adv-heading_abc76f-42\"] mark.kt-highlight{font-style:normal;color:#f76a0c;-webkit-box-decoration-break:clone;box-decoration-break:clone;padding-top:0px;padding-right:0px;padding-bottom:0px;padding-left:0px;}.wp-block-kadence-advancedheading.kt-adv-heading_abc76f-42 img.kb-inline-image, .wp-block-kadence-advancedheading.kt-adv-heading_abc76f-42[data-kb-block=\"kb-adv-heading_abc76f-42\"] img.kb-inline-image{width:150px;vertical-align:baseline;}.wp-block-kadence-advancedheading.kt-adv-heading_abc76f-42[data-kb-block=\"kb-adv-heading_abc76f-42\"] a, .kt-adv-heading-link_abc76f-42, .kt-adv-heading-link_abc76f-42 .kt-adv-heading_abc76f-42[data-kb-block=\"kb-adv-heading_abc76f-42\"]{color:var(--global-palette2, #2B6CB0);}.wp-block-kadence-advancedheading.kt-adv-heading_abc76f-42[data-kb-block=\"kb-adv-heading_abc76f-42\"] a:hover, .kt-adv-heading-link_abc76f-42:hover, .kt-adv-heading-link_abc76f-42:hover .kt-adv-heading_abc76f-42[data-kb-block=\"kb-adv-heading_abc76f-42\"]{color:var(--global-palette9, #ffffff);}<\/style>\n<p class=\"kt-adv-heading_abc76f-42 wp-block-kadence-advancedheading has-theme-palette-9-color has-text-color\" data-kb-block=\"kb-adv-heading_abc76f-42\">Au plaisir de vous voir bient\u00f4t sur les terrains !<\/p>\n\n\n<div class=\"wp-block-image ball-move\">\n<figure class=\"aligncenter size-full\"><img loading=\"lazy\" decoding=\"async\" width=\"214\" height=\"233\" src=\"https:\/\/tennislsm.ca\/wp-content\/uploads\/2022\/05\/image-removebg-preview.png\" alt=\"\" class=\"wp-image-147\" srcset=\"https:\/\/tennislsm.ca\/wp-content\/uploads\/2022\/05\/image-removebg-preview.png 214w, https:\/\/tennislsm.ca\/wp-content\/uploads\/2022\/05\/image-removebg-preview-11x12.png 11w\" sizes=\"auto, (max-width: 214px) 100vw, 214px\" \/><\/figure>\n<\/div>\n\n\n<br><br><iframe src=\"https:\/\/www.google.com\/maps\/embed?pb=!1m18!1m12!1m3!1d2734.533144081663!2d-75.88082488460236!3d45.94591290919202!2m3!1f0!2f0!3f0!3m2!1i1024!2i768!4f13.1!3m3!1m2!1s0x4cd1ccb316ba4593%3A0xc31598441f171e1d!2sRue%20de%20l'Usine%2C%20La%20Vall%C3%A9e-de-la-Gatineau%2C%20QC%20J0X%201Z0%2C%20Canada!5e1!3m2!1sen!2s!4v1653928490681!5m2!1sen!2s\" width=\"100%\" height=\"400\" style=\"border:0;\" allowfullscreen=\"\" loading=\"lazy\" referrerpolicy=\"no-referrer-when-downgrade\"><\/iframe>\n<\/div><\/div>\n<\/div><\/div><\/div>","protected":false},"excerpt":{"rendered":"<p>TENNIS LSM Tennis LSM is a non-profit organization created by tennis and pickleball players from the area to raise funds to support the tennis and pickleball courts in Lac Sainte-Marie. All the board members of Tennis LSM are volunteers. They are Wendy Desormeaux (President), Luc Desormeaux, Patrick Falloon and Julie Klotz. Funds raised from the&#8230;<\/p>","protected":false},"author":2,"featured_media":0,"parent":0,"menu_order":0,"comment_status":"closed","ping_status":"closed","template":"","meta":{"_kad_post_transparent":"","_kad_post_title":"hide","_kad_post_layout":"fullwidth","_kad_post_sidebar_id":"","_kad_post_content_style":"","_kad_post_vertical_padding":"","_kad_post_feature":"","_kad_post_feature_position":"","_kad_post_header":false,"_kad_post_footer":false,"footnotes":""},"class_list":["post-14","page","type-page","status-publish","hentry"],"_links":{"self":[{"href":"https:\/\/tennislsm.ca\/fr\/wp-json\/wp\/v2\/pages\/14","targetHints":{"allow":["GET"]}}],"collection":[{"href":"https:\/\/tennislsm.ca\/fr\/wp-json\/wp\/v2\/pages"}],"about":[{"href":"https:\/\/tennislsm.ca\/fr\/wp-json\/wp\/v2\/types\/page"}],"author":[{"embeddable":true,"href":"https:\/\/tennislsm.ca\/fr\/wp-json\/wp\/v2\/users\/2"}],"replies":[{"embeddable":true,"href":"https:\/\/tennislsm.ca\/fr\/wp-json\/wp\/v2\/comments?post=14"}],"version-history":[{"count":7,"href":"https:\/\/tennislsm.ca\/fr\/wp-json\/wp\/v2\/pages\/14\/revisions"}],"predecessor-version":[{"id":499,"href":"https:\/\/tennislsm.ca\/fr\/wp-json\/wp\/v2\/pages\/14\/revisions\/499"}],"wp:attachment":[{"href":"https:\/\/tennislsm.ca\/fr\/wp-json\/wp\/v2\/media?parent=14"}],"curies":[{"name":"wp","href":"https:\/\/api.w.org\/{rel}","templated":true}]}}